{"id":1760,"date":"2024-02-14T11:01:17","date_gmt":"2024-02-14T10:01:17","guid":{"rendered":"http:\/\/escriba1971.cat\/?page_id=1760"},"modified":"2024-02-14T11:17:08","modified_gmt":"2024-02-14T10:17:08","slug":"blog","status":"publish","type":"page","link":"https:\/\/escriba1971.cat\/es\/blog\/","title":{"rendered":"Blog"},"content":{"rendered":"<style>.kb-row-layout-wrap.wp-block-kadence-rowlayout.kb-row-layout-id1760_51c169-fe{margin-top:-40px;}.kb-row-layout-id1760_51c169-fe > .kt-row-column-wrap{align-content:start;}:where(.kb-row-layout-id1760_51c169-fe > .kt-row-column-wrap) > .wp-block-kadence-column{justify-content:start;}.kb-row-layout-id1760_51c169-fe > .kt-row-column-wrap{column-gap:var(--global-kb-gap-md, 2rem);row-gap:var(--global-kb-gap-md, 2rem);padding-top:175px;padding-right:20px;padding-bottom:144px;padding-left:20px;grid-template-columns:minmax(0, 1fr);}.kb-row-layout-id1760_51c169-fe > .kt-row-layout-overlay{opacity:0.57;background-color:var(--global-palette3, #1A202C);}@media all and (max-width: 1024px){.kb-row-layout-id1760_51c169-fe > .kt-row-column-wrap{grid-template-columns:minmax(0, 1fr);}}@media all and (max-width: 767px){.kb-row-layout-id1760_51c169-fe > .kt-row-column-wrap{grid-template-columns:minmax(0, 1fr);}}<\/style><div class=\"kb-row-layout-wrap kb-row-layout-id1760_51c169-fe alignnone has-theme-palette8-background-color kt-row-has-bg wp-block-kadence-rowlayout\"><div class=\"kt-blocks-carousel kb-blocks-bg-slider kt-carousel-container-dotstyle-dark\"><div class=\"kt-blocks-carousel-init splide kb-blocks-bg-slider-init kt-carousel-arrowstyle-none kt-carousel-dotstyle-dark\" data-slider-anim-speed=\"400\" data-slider-type=\"slider\" data-slider-scroll=\"1\" data-slider-arrows=\"false\" data-slider-fade=\"true\" data-slider-dots=\"true\" data-slider-hover-pause=\"false\" data-slider-auto=\"true\" data-slider-speed=\"7000\" data-show-pause-button=\"false\"><div class=\"splide__track\"><ul class=\"splide__list\"><li class=\"splide__slide kb-bg-slide-contain\"><div  class=\"kb-bg-slide kb-bg-slide-0\" style=\"background-image:url(http:\/\/escriba1971.cat\/wp-content\/uploads\/2024\/02\/HOME-2-2.png); background-size:cover; background-position:64% 33%; background-repeat:no-repeat;\"><\/div><\/li><\/ul><\/div><\/div><\/div><div class=\"kt-row-layout-overlay kt-row-overlay-normal\"><\/div><div class=\"kt-row-column-wrap kt-has-1-columns kt-row-layout-equal kt-tab-layout-inherit kt-mobile-layout-row kt-row-valign-top\">\n<style>.kadence-column1760_719eed-52 > .kt-inside-inner-col,.kadence-column1760_719eed-52 > .kt-inside-inner-col:before{border-top-left-radius:0px;border-top-right-radius:0px;border-bottom-right-radius:0px;border-bottom-left-radius:0px;}.kadence-column1760_719eed-52 > .kt-inside-inner-col{column-gap:var(--global-kb-gap-sm, 1rem);}.kadence-column1760_719eed-52 > .kt-inside-inner-col{flex-direction:column;}.kadence-column1760_719eed-52 > .kt-inside-inner-col > .aligncenter{width:100%;}.kadence-column1760_719eed-52 > .kt-inside-inner-col:before{opacity:0.3;}.kadence-column1760_719eed-52{position:relative;}@media all and (max-width: 1024px){.kadence-column1760_719eed-52 > .kt-inside-inner-col{flex-direction:column;justify-content:center;}}@media all and (max-width: 767px){.kadence-column1760_719eed-52 > .kt-inside-inner-col{flex-direction:column;justify-content:center;}}<\/style>\n<div class=\"wp-block-kadence-column kadence-column1760_719eed-52 inner-column-1\"><div class=\"kt-inside-inner-col\"><style>.kb-row-layout-id1760_63c226-1b > .kt-row-column-wrap{align-content:start;}:where(.kb-row-layout-id1760_63c226-1b > .kt-row-column-wrap) > .wp-block-kadence-column{justify-content:start;}.kb-row-layout-id1760_63c226-1b > .kt-row-column-wrap{column-gap:var(--global-kb-gap-md, 2rem);row-gap:var(--global-kb-gap-md, 2rem);max-width:var( --global-content-width, 1290px );padding-left:var(--global-content-edge-padding);padding-right:var(--global-content-edge-padding);padding-top:0px;padding-bottom:0px;grid-template-columns:minmax(0, 1fr);}.kb-row-layout-id1760_63c226-1b > .kt-row-layout-overlay{opacity:0.30;}@media all and (max-width: 1024px){.kb-row-layout-id1760_63c226-1b > .kt-row-column-wrap{grid-template-columns:minmax(0, 1fr);}}@media all and (max-width: 767px){.kb-row-layout-id1760_63c226-1b > .kt-row-column-wrap{grid-template-columns:minmax(0, 1fr);}}<\/style><div class=\"kb-row-layout-wrap kb-row-layout-id1760_63c226-1b alignnone wp-block-kadence-rowlayout\"><div class=\"kt-row-column-wrap kt-has-1-columns kt-row-layout-equal kt-tab-layout-inherit kt-mobile-layout-row kt-row-valign-top kb-theme-content-width\">\n<style>.kadence-column1760_34f780-b4 > .kt-inside-inner-col,.kadence-column1760_34f780-b4 > .kt-inside-inner-col:before{border-top-left-radius:0px;border-top-right-radius:0px;border-bottom-right-radius:0px;border-bottom-left-radius:0px;}.kadence-column1760_34f780-b4 > .kt-inside-inner-col{column-gap:var(--global-kb-gap-sm, 1rem);}.kadence-column1760_34f780-b4 > .kt-inside-inner-col{flex-direction:column;}.kadence-column1760_34f780-b4 > .kt-inside-inner-col > .aligncenter{width:100%;}.kadence-column1760_34f780-b4 > .kt-inside-inner-col:before{opacity:0.3;}.kadence-column1760_34f780-b4{position:relative;}@media all and (max-width: 1024px){.kadence-column1760_34f780-b4 > .kt-inside-inner-col{flex-direction:column;justify-content:center;}}@media all and (max-width: 767px){.kadence-column1760_34f780-b4 > .kt-inside-inner-col{flex-direction:column;justify-content:center;}}<\/style>\n<div class=\"wp-block-kadence-column kadence-column1760_34f780-b4 inner-column-1\"><div class=\"kt-inside-inner-col\"><style>.wp-block-kadence-advancedheading.kt-adv-heading1760_06a15b-a1, .wp-block-kadence-advancedheading.kt-adv-heading1760_06a15b-a1[data-kb-block=\"kb-adv-heading1760_06a15b-a1\"]{text-align:center;font-style:normal;color:#ffffff;}.wp-block-kadence-advancedheading.kt-adv-heading1760_06a15b-a1 mark.kt-highlight, .wp-block-kadence-advancedheading.kt-adv-heading1760_06a15b-a1[data-kb-block=\"kb-adv-heading1760_06a15b-a1\"] mark.kt-highlight{font-style:normal;color:#f76a0c;-webkit-box-decoration-break:clone;box-decoration-break:clone;padding-top:0px;padding-right:0px;padding-bottom:0px;padding-left:0px;}.wp-block-kadence-advancedheading.kt-adv-heading1760_06a15b-a1 img.kb-inline-image, .wp-block-kadence-advancedheading.kt-adv-heading1760_06a15b-a1[data-kb-block=\"kb-adv-heading1760_06a15b-a1\"] img.kb-inline-image{width:150px;vertical-align:baseline;}<\/style>\n<h1 class=\"kt-adv-heading1760_06a15b-a1 wp-block-kadence-advancedheading\" data-kb-block=\"kb-adv-heading1760_06a15b-a1\">Blog<\/h1>\n<\/div><\/div>\n\n<\/div><\/div><\/div><\/div>\n\n<\/div><\/div>\n\n\n<p><\/p>\n\n\n<style>.kb-row-layout-id1760_a1c68f-7a > .kt-row-column-wrap{align-content:start;}:where(.kb-row-layout-id1760_a1c68f-7a > .kt-row-column-wrap) > .wp-block-kadence-column{justify-content:start;}.kb-row-layout-id1760_a1c68f-7a > .kt-row-column-wrap{column-gap:var(--global-kb-gap-md, 2rem);row-gap:var(--global-kb-gap-md, 2rem);padding-top:var(--global-kb-spacing-sm, 1.5rem);padding-bottom:var(--global-kb-spacing-sm, 1.5rem);grid-template-columns:minmax(0, 1fr);}.kb-row-layout-id1760_a1c68f-7a > .kt-row-layout-overlay{opacity:0.30;}@media all and (max-width: 1024px){.kb-row-layout-id1760_a1c68f-7a > .kt-row-column-wrap{grid-template-columns:minmax(0, 1fr);}}@media all and (max-width: 767px){.kb-row-layout-id1760_a1c68f-7a > .kt-row-column-wrap{grid-template-columns:minmax(0, 1fr);}}<\/style><div class=\"kb-row-layout-wrap kb-row-layout-id1760_a1c68f-7a alignnone wp-block-kadence-rowlayout\"><div class=\"kt-row-column-wrap kt-has-1-columns kt-row-layout-equal kt-tab-layout-inherit kt-mobile-layout-row kt-row-valign-top\">\n<style>.kadence-column1760_6f178e-f8 > .kt-inside-inner-col,.kadence-column1760_6f178e-f8 > .kt-inside-inner-col:before{border-top-left-radius:0px;border-top-right-radius:0px;border-bottom-right-radius:0px;border-bottom-left-radius:0px;}.kadence-column1760_6f178e-f8 > .kt-inside-inner-col{column-gap:var(--global-kb-gap-sm, 1rem);}.kadence-column1760_6f178e-f8 > .kt-inside-inner-col{flex-direction:column;}.kadence-column1760_6f178e-f8 > .kt-inside-inner-col > .aligncenter{width:100%;}.kadence-column1760_6f178e-f8 > .kt-inside-inner-col:before{opacity:0.3;}.kadence-column1760_6f178e-f8{position:relative;}.kadence-column1760_6f178e-f8, .kt-inside-inner-col > .kadence-column1760_6f178e-f8:not(.specificity){margin-right:var(--global-kb-spacing-xxl, 5rem);margin-left:var(--global-kb-spacing-xxl, 5rem);}@media all and (max-width: 1024px){.kadence-column1760_6f178e-f8 > .kt-inside-inner-col{flex-direction:column;justify-content:center;}}@media all and (max-width: 767px){.kadence-column1760_6f178e-f8 > .kt-inside-inner-col{flex-direction:column;justify-content:center;}}<\/style>\n<div class=\"wp-block-kadence-column kadence-column1760_6f178e-f8\"><div class=\"kt-inside-inner-col\"><style>.kb-posts-id-1760_076fe2-3f .entry.loop-entry .entry-header .entry-title{font-size:var(--global-kb-font-size-xl, 3rem);}.kb-posts-id-1760_076fe2-3f .kb-post-list-item{display:grid;}<\/style><ul class=\"wp-block-kadence-posts kb-posts kadence-posts-list kb-posts-id-1760_076fe2-3f content-wrap grid-cols kb-posts-style-boxed grid-sm-col-2 grid-lg-col-3 item-image-style-above\"><li class=\"kb-post-list-item\">\n\t<article class=\"entry content-bg loop-entry post-1520 post type-post status-publish format-standard has-post-thumbnail hentry category-uncategorized\">\n\t\t\t\t<a aria-hidden=\"true\" tabindex=\"-1\" role=\"presentation\" class=\"post-thumbnail kadence-thumbnail-ratio-2-3\" href=\"https:\/\/escriba1971.cat\/es\/presentem-la-nova-pagina-web-describa-assessors\/\" aria-label=\"Presentem la Nova P\u00e0gina Web Grup Escrib\u00e0\">\n\t\t\t<div class=\"post-thumbnail-inner\">\n\t\t\t\t<img loading=\"lazy\" decoding=\"async\" width=\"768\" height=\"512\" src=\"https:\/\/escriba1971.cat\/wp-content\/uploads\/2024\/02\/725A8007-768x512.jpg\" class=\"attachment-medium_large size-medium_large wp-post-image\" alt=\"Presentem la Nova P\u00e0gina Web Grup Escrib\u00e0\" srcset=\"https:\/\/escriba1971.cat\/wp-content\/uploads\/2024\/02\/725A8007-768x512.jpg 768w, https:\/\/escriba1971.cat\/wp-content\/uploads\/2024\/02\/725A8007-300x200.jpg 300w, https:\/\/escriba1971.cat\/wp-content\/uploads\/2024\/02\/725A8007-1024x682.jpg 1024w, https:\/\/escriba1971.cat\/wp-content\/uploads\/2024\/02\/725A8007-1536x1024.jpg 1536w, https:\/\/escriba1971.cat\/wp-content\/uploads\/2024\/02\/725A8007.jpg 2000w\" sizes=\"auto, (max-width: 768px) 100vw, 768px\" \/>\t\t\t<\/div>\n\t\t<\/a><!-- .post-thumbnail -->\n\t\t\t\t<div class=\"entry-content-wrap\">\n\t\t\t<header class=\"entry-header\">\n\t\t<div class=\"entry-taxonomies\">\n\t\t<span class=\"category-links term-links category-style-normal\">\n\t\t\t<a href=\"https:\/\/escriba1971.cat\/es\/category\/uncategorized\/\" class=\"category-link-uncategorized\" rel=\"tag\">Uncategorized<\/a>\t\t<\/span>\n\t<\/div><!-- .entry-taxonomies -->\n\t<h2 class=\"entry-title\"><a href=\"https:\/\/escriba1971.cat\/es\/presentem-la-nova-pagina-web-describa-assessors\/\" rel=\"bookmark\">Presentem la Nova P\u00e0gina Web Grup Escrib\u00e0<\/a><\/h2>\t<div class=\"entry-meta entry-meta-divider-dot\">\n\t<span class=\"posted-by\"><span class=\"meta-label\">Por<\/span><span class=\"author vcard\"><span class=\"fn n\">soporte<\/span><\/span><\/span>\t\t\t<span class=\"posted-on\">\n\t\t\t\t<time class=\"entry-date published\" datetime=\"2024-02-02T11:20:10+01:00\">2 de febrero de 2024<\/time><time class=\"updated\" datetime=\"2024-03-12T12:19:45+01:00\">12 de marzo de 2024<\/time>\t\t\t<\/span>\n\t\t\t\t<\/div><!-- .entry-meta -->\n\t<\/header><!-- .entry-header -->\n\t<div class=\"entry-summary\">\n\t\t<p>Estem encantats d&#8217;anunciar el llan\u00e7ament de la nova p\u00e0gina web de Grup Escrib\u00e0, una plataforma digital que reflecteix la nostra dedicaci\u00f3 a l&#8217;assessorament integral tant per a empreses com per a particulars. Despr\u00e9s de molts anys d&#8217;experi\u00e8ncia i comprom\u00eds amb l&#8217;excel\u00b7l\u00e8ncia, estem encantats de presentar aquesta nova eina que ofereix una experi\u00e8ncia m\u00e9s \u00e0gil, accessible&#8230;<\/p>\n\t<\/div><!-- .entry-summary -->\n\t<footer class=\"entry-footer\">\n\t\t\t<div class=\"entry-actions\">\n\t\t\t<p class=\"more-link-wrap\">\n\t\t\t\t<a href=\"https:\/\/escriba1971.cat\/es\/presentem-la-nova-pagina-web-describa-assessors\/\" class=\"post-more-link\">\n\t\t\t\t\tLeer m\u00e1s<span class=\"screen-reader-text\"> Presentem la Nova P\u00e0gina Web Grup Escrib\u00e0<\/span><span class=\"kadence-svg-iconset svg-baseline\"><svg aria-hidden=\"true\" class=\"kadence-svg-icon kadence-arrow-right-alt-svg\" fill=\"currentColor\" version=\"1.1\" xmlns=\"http:\/\/www.w3.org\/2000\/svg\" width=\"27\" height=\"28\" viewBox=\"0 0 27 28\"><title>Continuar<\/title><path d=\"M27 13.953c0 0.141-0.063 0.281-0.156 0.375l-6 5.531c-0.156 0.141-0.359 0.172-0.547 0.094-0.172-0.078-0.297-0.25-0.297-0.453v-3.5h-19.5c-0.281 0-0.5-0.219-0.5-0.5v-3c0-0.281 0.219-0.5 0.5-0.5h19.5v-3.5c0-0.203 0.109-0.375 0.297-0.453s0.391-0.047 0.547 0.078l6 5.469c0.094 0.094 0.156 0.219 0.156 0.359v0z\"><\/path>\n\t\t\t<\/svg><\/span>\t\t\t\t<\/a>\n\t\t\t<\/p>\n\t\t<\/div><!-- .entry-actions -->\n\t\t<\/footer><!-- .entry-footer -->\t\t<\/div>\n\t<\/article>\n<\/li>\n<\/ul><\/div><\/div>\n\n<\/div><\/div>","protected":false},"excerpt":{"rendered":"<p>Blog<\/p>","protected":false},"author":3,"featured_media":0,"parent":0,"menu_order":0,"comment_status":"closed","ping_status":"closed","template":"","meta":{"_kad_blocks_custom_css":"","_kad_blocks_head_custom_js":"","_kad_blocks_body_custom_js":"","_kad_blocks_footer_custom_js":"","_kadence_starter_templates_imported_post":false,"_kad_post_transparent":"","_kad_post_title":"","_kad_post_layout":"","_kad_post_sidebar_id":"","_kad_post_content_style":"","_kad_post_vertical_padding":"","_kad_post_feature":"","_kad_post_feature_position":"","_kad_post_header":false,"_kad_post_footer":false,"footnotes":""},"class_list":["post-1760","page","type-page","status-publish","hentry"],"yoast_head":"<!-- This site is optimized with the Yoast SEO plugin v27.5 - https:\/\/yoast.com\/product\/yoast-seo-wordpress\/ -->\n<title>Blog - Grup Escrib\u00e0<\/title>\n<meta name=\"robots\" content=\"index, follow, max-snippet:-1, max-image-preview:large, max-video-preview:-1\" \/>\n<link rel=\"canonical\" href=\"https:\/\/escriba1971.cat\/es\/blog\/\" \/>\n<meta property=\"og:locale\" content=\"es_ES\" \/>\n<meta property=\"og:type\" content=\"article\" \/>\n<meta property=\"og:title\" content=\"Blog - Grup Escrib\u00e0\" \/>\n<meta property=\"og:description\" content=\"Blog\" \/>\n<meta property=\"og:url\" content=\"https:\/\/escriba1971.cat\/es\/blog\/\" \/>\n<meta property=\"og:site_name\" content=\"Grup Escrib\u00e0\" \/>\n<meta property=\"article:modified_time\" content=\"2024-02-14T10:17:08+00:00\" \/>\n<meta name=\"twitter:card\" content=\"summary_large_image\" \/>\n<script type=\"application\/ld+json\" class=\"yoast-schema-graph\">{\"@context\":\"https:\\\/\\\/schema.org\",\"@graph\":[{\"@type\":\"WebPage\",\"@id\":\"https:\\\/\\\/escriba1971.cat\\\/blog\\\/\",\"url\":\"https:\\\/\\\/escriba1971.cat\\\/blog\\\/\",\"name\":\"Blog - Grup Escrib\u00e0\",\"isPartOf\":{\"@id\":\"https:\\\/\\\/escriba1971.cat\\\/#website\"},\"datePublished\":\"2024-02-14T10:01:17+00:00\",\"dateModified\":\"2024-02-14T10:17:08+00:00\",\"breadcrumb\":{\"@id\":\"https:\\\/\\\/escriba1971.cat\\\/blog\\\/#breadcrumb\"},\"inLanguage\":\"es\",\"potentialAction\":[{\"@type\":\"ReadAction\",\"target\":[\"https:\\\/\\\/escriba1971.cat\\\/blog\\\/\"]}]},{\"@type\":\"BreadcrumbList\",\"@id\":\"https:\\\/\\\/escriba1971.cat\\\/blog\\\/#breadcrumb\",\"itemListElement\":[{\"@type\":\"ListItem\",\"position\":1,\"name\":\"Portada\",\"item\":\"https:\\\/\\\/escriba1971.cat\\\/\"},{\"@type\":\"ListItem\",\"position\":2,\"name\":\"Blog\"}]},{\"@type\":\"WebSite\",\"@id\":\"https:\\\/\\\/escriba1971.cat\\\/#website\",\"url\":\"https:\\\/\\\/escriba1971.cat\\\/\",\"name\":\"Grup Escrib\u00e0\",\"description\":\"\",\"publisher\":{\"@id\":\"https:\\\/\\\/escriba1971.cat\\\/#organization\"},\"potentialAction\":[{\"@type\":\"SearchAction\",\"target\":{\"@type\":\"EntryPoint\",\"urlTemplate\":\"https:\\\/\\\/escriba1971.cat\\\/?s={search_term_string}\"},\"query-input\":{\"@type\":\"PropertyValueSpecification\",\"valueRequired\":true,\"valueName\":\"search_term_string\"}}],\"inLanguage\":\"es\"},{\"@type\":\"Organization\",\"@id\":\"https:\\\/\\\/escriba1971.cat\\\/#organization\",\"name\":\"Grup Escrib\u00e0\",\"url\":\"https:\\\/\\\/escriba1971.cat\\\/\",\"logo\":{\"@type\":\"ImageObject\",\"inLanguage\":\"es\",\"@id\":\"https:\\\/\\\/escriba1971.cat\\\/#\\\/schema\\\/logo\\\/image\\\/\",\"url\":\"https:\\\/\\\/escriba1971.cat\\\/wp-content\\\/uploads\\\/2024\\\/02\\\/cropped-4.png\",\"contentUrl\":\"https:\\\/\\\/escriba1971.cat\\\/wp-content\\\/uploads\\\/2024\\\/02\\\/cropped-4.png\",\"width\":1919,\"height\":814,\"caption\":\"Grup Escrib\u00e0\"},\"image\":{\"@id\":\"https:\\\/\\\/escriba1971.cat\\\/#\\\/schema\\\/logo\\\/image\\\/\"}}]}<\/script>\n<!-- \/ Yoast SEO plugin. -->","yoast_head_json":{"title":"Blog - Grup Escrib\u00e0","robots":{"index":"index","follow":"follow","max-snippet":"max-snippet:-1","max-image-preview":"max-image-preview:large","max-video-preview":"max-video-preview:-1"},"canonical":"https:\/\/escriba1971.cat\/es\/blog\/","og_locale":"es_ES","og_type":"article","og_title":"Blog - Grup Escrib\u00e0","og_description":"Blog","og_url":"https:\/\/escriba1971.cat\/es\/blog\/","og_site_name":"Grup Escrib\u00e0","article_modified_time":"2024-02-14T10:17:08+00:00","twitter_card":"summary_large_image","schema":{"@context":"https:\/\/schema.org","@graph":[{"@type":"WebPage","@id":"https:\/\/escriba1971.cat\/blog\/","url":"https:\/\/escriba1971.cat\/blog\/","name":"Blog - Grup Escrib\u00e0","isPartOf":{"@id":"https:\/\/escriba1971.cat\/#website"},"datePublished":"2024-02-14T10:01:17+00:00","dateModified":"2024-02-14T10:17:08+00:00","breadcrumb":{"@id":"https:\/\/escriba1971.cat\/blog\/#breadcrumb"},"inLanguage":"es","potentialAction":[{"@type":"ReadAction","target":["https:\/\/escriba1971.cat\/blog\/"]}]},{"@type":"BreadcrumbList","@id":"https:\/\/escriba1971.cat\/blog\/#breadcrumb","itemListElement":[{"@type":"ListItem","position":1,"name":"Portada","item":"https:\/\/escriba1971.cat\/"},{"@type":"ListItem","position":2,"name":"Blog"}]},{"@type":"WebSite","@id":"https:\/\/escriba1971.cat\/#website","url":"https:\/\/escriba1971.cat\/","name":"Grup Escrib\u00e0","description":"","publisher":{"@id":"https:\/\/escriba1971.cat\/#organization"},"potentialAction":[{"@type":"SearchAction","target":{"@type":"EntryPoint","urlTemplate":"https:\/\/escriba1971.cat\/?s={search_term_string}"},"query-input":{"@type":"PropertyValueSpecification","valueRequired":true,"valueName":"search_term_string"}}],"inLanguage":"es"},{"@type":"Organization","@id":"https:\/\/escriba1971.cat\/#organization","name":"Grup Escrib\u00e0","url":"https:\/\/escriba1971.cat\/","logo":{"@type":"ImageObject","inLanguage":"es","@id":"https:\/\/escriba1971.cat\/#\/schema\/logo\/image\/","url":"https:\/\/escriba1971.cat\/wp-content\/uploads\/2024\/02\/cropped-4.png","contentUrl":"https:\/\/escriba1971.cat\/wp-content\/uploads\/2024\/02\/cropped-4.png","width":1919,"height":814,"caption":"Grup Escrib\u00e0"},"image":{"@id":"https:\/\/escriba1971.cat\/#\/schema\/logo\/image\/"}}]}},"taxonomy_info":[],"featured_image_src_large":false,"author_info":{"display_name":"admin_33ljc6ro","author_link":"https:\/\/escriba1971.cat\/es\/author\/admin_33ljc6ro\/"},"comment_info":0,"_links":{"self":[{"href":"https:\/\/escriba1971.cat\/es\/wp-json\/wp\/v2\/pages\/1760","targetHints":{"allow":["GET"]}}],"collection":[{"href":"https:\/\/escriba1971.cat\/es\/wp-json\/wp\/v2\/pages"}],"about":[{"href":"https:\/\/escriba1971.cat\/es\/wp-json\/wp\/v2\/types\/page"}],"author":[{"embeddable":true,"href":"https:\/\/escriba1971.cat\/es\/wp-json\/wp\/v2\/users\/3"}],"replies":[{"embeddable":true,"href":"https:\/\/escriba1971.cat\/es\/wp-json\/wp\/v2\/comments?post=1760"}],"version-history":[{"count":3,"href":"https:\/\/escriba1971.cat\/es\/wp-json\/wp\/v2\/pages\/1760\/revisions"}],"predecessor-version":[{"id":1767,"href":"https:\/\/escriba1971.cat\/es\/wp-json\/wp\/v2\/pages\/1760\/revisions\/1767"}],"wp:attachment":[{"href":"https:\/\/escriba1971.cat\/es\/wp-json\/wp\/v2\/media?parent=1760"}],"curies":[{"name":"wp","href":"https:\/\/api.w.org\/{rel}","templated":true}]}}